{"id":15,"date":"2026-04-01T17:27:40","date_gmt":"2026-04-01T17:27:40","guid":{"rendered":"https:\/\/blumenbachmann.ch\/wordpress\/index.php\/home\/"},"modified":"2026-04-12T18:49:38","modified_gmt":"2026-04-12T18:49:38","slug":"home","status":"publish","type":"page","link":"https:\/\/blumenbachmann.ch\/wordpress\/","title":{"rendered":"Home"},"content":{"rendered":"\t\t<div data-elementor-type=\"wp-page\" data-elementor-id=\"15\" class=\"elementor elementor-15\">\n\t\t\t\t<div class=\"elementor-element elementor-element-f1ae20a e-flex e-con-boxed e-con e-parent\" data-id=\"f1ae20a\" data-element_type=\"container\" data-e-type=\"container\" data-settings=\"{&quot;background_background&quot;:&quot;classic&quot;}\">\n\t\t\t\t\t<div class=\"e-con-inner\">\n\t\t<div class=\"elementor-element elementor-element-4b71a4e e-con-full e-flex e-con e-child\" data-id=\"4b71a4e\" data-element_type=\"container\" data-e-type=\"container\">\n\t\t\t\t<div class=\"elementor-element elementor-element-33d0891 elementor-widget elementor-widget-heading\" data-id=\"33d0891\" data-element_type=\"widget\" data-e-type=\"widget\" data-widget_type=\"heading.default\">\n\t\t\t\t<div class=\"elementor-widget-container\">\n\t\t\t\t\t<h1 class=\"elementor-heading-title elementor-size-default\">Blueme-Sch\u00fc\u00fcr<\/h1>\t\t\t\t<\/div>\n\t\t\t\t<\/div>\n\t\t\t\t<div class=\"elementor-element elementor-element-3c06f99 elementor-widget elementor-widget-heading\" data-id=\"3c06f99\" data-element_type=\"widget\" data-e-type=\"widget\" data-widget_type=\"heading.default\">\n\t\t\t\t<div class=\"elementor-widget-container\">\n\t\t\t\t\t<h2 class=\"elementor-heading-title elementor-size-default\">Christa Bachmann<\/h2>\t\t\t\t<\/div>\n\t\t\t\t<\/div>\n\t\t\t\t<\/div>\n\t\t\t\t\t<\/div>\n\t\t\t\t<\/div>\n\t\t<div class=\"elementor-element elementor-element-0c78af8 e-flex e-con-boxed e-con e-parent\" data-id=\"0c78af8\" data-element_type=\"container\" data-e-type=\"container\" data-settings=\"{&quot;background_background&quot;:&quot;classic&quot;}\">\n\t\t\t\t\t<div class=\"e-con-inner\">\n\t\t<div class=\"elementor-element elementor-element-7a504de e-con-full e-flex e-con e-child\" data-id=\"7a504de\" data-element_type=\"container\" data-e-type=\"container\">\n\t\t\t\t<div class=\"elementor-element elementor-element-deaddb5 elementor-widget elementor-widget-heading\" data-id=\"deaddb5\" data-element_type=\"widget\" data-e-type=\"widget\" data-widget_type=\"heading.default\">\n\t\t\t\t<div class=\"elementor-widget-container\">\n\t\t\t\t\t<h2 class=\"elementor-heading-title elementor-size-default\">Selbstbediehnungsladen rund um die Uhr<\/h2>\t\t\t\t<\/div>\n\t\t\t\t<\/div>\n\t\t\t\t<div class=\"elementor-element elementor-element-b0b89b4 elementor-widget elementor-widget-heading\" data-id=\"b0b89b4\" data-element_type=\"widget\" data-e-type=\"widget\" data-widget_type=\"heading.default\">\n\t\t\t\t<div class=\"elementor-widget-container\">\n\t\t\t\t\t<h2 class=\"elementor-heading-title elementor-size-default\">Unser Angebot<\/h2>\t\t\t\t<\/div>\n\t\t\t\t<\/div>\n\t\t\t\t<div class=\"elementor-element elementor-element-0b0a9af elementor-widget elementor-widget-text-editor\" data-id=\"0b0a9af\" data-element_type=\"widget\" data-e-type=\"widget\" data-widget_type=\"text-editor.default\">\n\t\t\t\t<div class=\"elementor-widget-container\">\n\t\t\t\t\t\t\t\t\t<p><em>Saisonale Pflanzen: Stilvolle Arrangements f\u00fcr Haus und Garten.<\/em><\/p><p><em>Stabilisierte Rosen: Liebevoll ausgarniert.<\/em><\/p><p><em>Handgemachtes: Einzigartige Geschenkartikel f\u00fcr jedes Alter. Hergestellt in Bichelsee-Balterswil und Umgebung.\u00a0<\/em><\/p><p><em>Hochzeiten, Beerdigungen und andere Anl\u00e4sse: &#171;Blumen: die Sprache des Herzens.&#187;Ich bin f\u00fcr Sie da und berate Sie gerne.<\/em><\/p><p><em>Lieferservice: Zustellung in der nahen Umgebung m\u00f6glich.\u00a0<\/em><\/p><p><em>Hinweis: Mein Standardsortiment enth\u00e4lt keine Schnittblumen. Am Valentinstag und Muttertag werde ich das Angebot mit frischen Blumenstr\u00e4ussen und langstieligen Rosen erweitern.<\/em><\/p>\t\t\t\t\t\t\t\t<\/div>\n\t\t\t\t<\/div>\n\t\t\t\t<div class=\"elementor-element elementor-element-3dc44b1 elementor-widget elementor-widget-heading\" data-id=\"3dc44b1\" data-element_type=\"widget\" data-e-type=\"widget\" data-widget_type=\"heading.default\">\n\t\t\t\t<div class=\"elementor-widget-container\">\n\t\t\t\t\t<h2 class=\"elementor-heading-title elementor-size-default\">Kontakt<\/h2>\t\t\t\t<\/div>\n\t\t\t\t<\/div>\n\t\t\t\t<div class=\"elementor-element elementor-element-ace5027 elementor-widget elementor-widget-text-editor\" data-id=\"ace5027\" data-element_type=\"widget\" data-e-type=\"widget\" data-widget_type=\"text-editor.default\">\n\t\t\t\t<div class=\"elementor-widget-container\">\n\t\t\t\t\t\t\t\t\t<p><em>Blueme-Sch\u00fc\u00fcr Christa Bachmann<\/em><\/p><p><em>Lohstrasse 3<\/em><\/p><p><em>8362 Balterswil<\/em><\/p><p><em>Tel: 071 970 07 53<\/em><\/p><p><em>Email: blumen.bachmann@bluewin.c<\/em>h<\/p>\t\t\t\t\t\t\t\t<\/div>\n\t\t\t\t<\/div>\n\t\t\t\t<\/div>\n\t\t\t\t\t<\/div>\n\t\t\t\t<\/div>\n\t\t<div class=\"elementor-element elementor-element-913d3ad e-flex e-con-boxed e-con e-parent\" data-id=\"913d3ad\" data-element_type=\"container\" data-e-type=\"container\">\n\t\t\t\t\t<div class=\"e-con-inner\">\n\t\t\t\t\t<\/div>\n\t\t\t\t<\/div>\n\t\t\t\t<\/div>\n\t\t","protected":false},"excerpt":{"rendered":"<p>Blueme-Sch\u00fc\u00fcr Christa Bachmann Selbstbediehnungsladen rund um die Uhr Unser Angebot Saisonale Pflanzen: Stilvolle Arrangements f\u00fcr Haus und Garten. Stabilisierte Rosen: Liebevoll ausgarniert. Handgemachtes: Einzigartige Geschenkartikel f\u00fcr jedes Alter. Hergestellt in Bichelsee-Balterswil und Umgebung.\u00a0 Hochzeiten, Beerdigungen und andere Anl\u00e4sse: &#171;Blumen: die Sprache des Herzens.&#187;Ich bin f\u00fcr Sie da und berate Sie gerne. Lieferservice: Zustellung in der [&hellip;]<\/p>\n","protected":false},"author":1,"featured_media":0,"parent":0,"menu_order":0,"comment_status":"closed","ping_status":"closed","template":"","meta":{"site-sidebar-layout":"no-sidebar","site-content-layout":"page-builder","ast-site-content-layout":"default","site-content-style":"default","site-sidebar-style":"default","ast-global-header-display":"","ast-banner-title-visibility":"","ast-main-header-display":"","ast-hfb-above-header-display":"","ast-hfb-below-header-display":"","ast-hfb-mobile-header-display":"","site-post-title":"disabled","ast-breadcrumbs-content":"disabled","ast-featured-img":"disabled","footer-sml-layout":"","ast-disable-related-posts":"","theme-transparent-header-meta":"disabled","adv-header-id-meta":"","stick-header-meta":"","header-above-stick-meta":"","header-main-stick-meta":"","header-below-stick-meta":"","astra-migrate-meta-layouts":"default","ast-page-background-enabled":"default","ast-page-background-meta":{"desktop":{"background-color":"var(--ast-global-color-4)","background-image":"","background-repeat":"repeat","background-position":"center center","background-size":"auto","background-attachment":"scroll","background-type":"","background-media":"","overlay-type":"","overlay-color":"","overlay-opacity":"","overlay-gradient":""},"tablet":{"background-color":"","background-image":"","background-repeat":"repeat","background-position":"center center","background-size":"auto","background-attachment":"scroll","background-type":"","background-media":"","overlay-type":"","overlay-color":"","overlay-opacity":"","overlay-gradient":""},"mobile":{"background-color":"","background-image":"","background-repeat":"repeat","background-position":"center center","background-size":"auto","background-attachment":"scroll","background-type":"","background-media":"","overlay-type":"","overlay-color":"","overlay-opacity":"","overlay-gradient":""}},"ast-content-background-meta":{"desktop":{"background-color":"var(--ast-global-color-5)","background-image":"","background-repeat":"repeat","background-position":"center center","background-size":"auto","background-attachment":"scroll","background-type":"","background-media":"","overlay-type":"","overlay-color":"","overlay-opacity":"","overlay-gradient":""},"tablet":{"background-color":"var(--ast-global-color-5)","background-image":"","background-repeat":"repeat","background-position":"center center","background-size":"auto","background-attachment":"scroll","background-type":"","background-media":"","overlay-type":"","overlay-color":"","overlay-opacity":"","overlay-gradient":""},"mobile":{"background-color":"var(--ast-global-color-5)","background-image":"","background-repeat":"repeat","background-position":"center center","background-size":"auto","background-attachment":"scroll","background-type":"","background-media":"","overlay-type":"","overlay-color":"","overlay-opacity":"","overlay-gradient":""}},"footnotes":""},"class_list":["post-15","page","type-page","status-publish","hentry"],"_links":{"self":[{"href":"https:\/\/blumenbachmann.ch\/wordpress\/wp-json\/wp\/v2\/pages\/15","targetHints":{"allow":["GET"]}}],"collection":[{"href":"https:\/\/blumenbachmann.ch\/wordpress\/wp-json\/wp\/v2\/pages"}],"about":[{"href":"https:\/\/blumenbachmann.ch\/wordpress\/wp-json\/wp\/v2\/types\/page"}],"author":[{"embeddable":true,"href":"https:\/\/blumenbachmann.ch\/wordpress\/wp-json\/wp\/v2\/users\/1"}],"replies":[{"embeddable":true,"href":"https:\/\/blumenbachmann.ch\/wordpress\/wp-json\/wp\/v2\/comments?post=15"}],"version-history":[{"count":9,"href":"https:\/\/blumenbachmann.ch\/wordpress\/wp-json\/wp\/v2\/pages\/15\/revisions"}],"predecessor-version":[{"id":742,"href":"https:\/\/blumenbachmann.ch\/wordpress\/wp-json\/wp\/v2\/pages\/15\/revisions\/742"}],"wp:attachment":[{"href":"https:\/\/blumenbachmann.ch\/wordpress\/wp-json\/wp\/v2\/media?parent=15"}],"curies":[{"name":"wp","href":"https:\/\/api.w.org\/{rel}","templated":true}]}}